{"id":23627,"date":"2025-10-01T14:26:59","date_gmt":"2025-10-01T12:26:59","guid":{"rendered":"https:\/\/test1.lifeisbetteronracetracks.de\/?post_type=product&#038;p=23627"},"modified":"2026-01-13T12:59:04","modified_gmt":"2026-01-13T11:59:04","slug":"lamborghini-huracan-gt3-evo2-hoodie-kids-teens-1","status":"publish","type":"product","link":"https:\/\/test1.lifeisbetteronracetracks.de\/en\/product\/lamborghini-huracan-gt3-evo2-hoodie-kids-teens-1\/","title":{"rendered":"Lamborghini Hurac\u00e1n GT3 Evo2 Hoodie f\u00fcr Kids &#038; Teens #1"},"content":{"rendered":"<h3>Lamborghini Hurac\u00e1n GT3 Evo2 Hoodie f\u00fcr Kids &amp; Teens #1<\/h3>\n<p class=\"p1\">Dieser Hoodie ist weit mehr als nur ein Kleidungsst\u00fcck \u2013 er ist ein Statement f\u00fcr junge Motorsport-Fans. Auf der Brust prangt ein fotorealistischer, speziell designter Aufdruck des legend\u00e4ren Lamborghini Hurac\u00e1n GT3 Evo2 mit der Startnummer #1. So holst du dir echtes Rennstrecken-Feeling in deinen Alltag und zeigst allen, f\u00fcr welches Team dein Herz schl\u00e4gt.<\/p>\n<p class=\"p1\">Der Lamborghini Hurac\u00e1n GT3 Evo2 Hoodie \u00fcberzeugt mit einer bequemen, europ\u00e4ischen Passform und hochwertiger Verarbeitung, die auch nach vielen Abenteuern Form und Komfort bewahrt. Zwillingsnadelstich-Details sorgen f\u00fcr Robustheit, w\u00e4hrend die doppellagige Kapuze ohne Kordelz\u00fcge nicht nur stylisch aussieht, sondern auch praktisch und sicher ist. Die klassische K\u00e4ngurutasche bietet Platz f\u00fcr kalte H\u00e4nde oder kleine Sch\u00e4tze, w\u00e4hrend gerippte \u00c4rmelabschl\u00fcsse und Saum f\u00fcr einen sportlich-satten Sitz sorgen. Innen wartet ein weiches, geb\u00fcrstetes Vlies, das f\u00fcr ein besonders gem\u00fctliches Tragegef\u00fchl sorgt. Das 100 % Baumwoll-Obermaterial macht den Hoodie zudem atmungsaktiv und langlebig \u2013 perfekt f\u00fcr Schule, Freizeit oder den Besuch am Rennwochenende.<\/p>\n<p class=\"p1\">Kurz gesagt: Dieser Hoodie bringt Racing-Spirit, Komfort und Qualit\u00e4t in einem Design zusammen, das dich garantiert von der Masse abhebt. Also, schnapp dir deinen Platz in der Pole Position \u2013 bevor andere schneller sind! \ud83c\udfc1<\/p>\n","protected":false},"excerpt":{"rendered":"<p class=\"p1\">Lamborghini Hurac\u00e1n GT3 Evo2 Hoodie Kids &amp; Teens<\/p>\n<p class=\"p1\">Stylisher Hoodie f\u00fcr Kids &amp; Teens mit Hurac\u00e1n GT3 Evo2 #1 Design bequem, robust &amp; Racing-Feeling pur! \ud83c\udfc1<\/p>\n","protected":false},"featured_media":24007,"comment_status":"open","ping_status":"closed","template":"","meta":{"_acf_changed":false},"product_brand":[1647],"product_cat":[1033,985,1026],"product_tag":[1394,1391,1393,1387,1388,1389,1395,1403,1390,1392],"class_list":{"0":"post-23627","1":"product","2":"type-product","3":"status-publish","4":"has-post-thumbnail","6":"product_brand-libort","7":"product_cat-kids-jacken-hoodies","8":"product_cat-motorsport","9":"product_cat-saison","10":"product_tag-hoodie-mit-rennwagen-motiv","11":"product_tag-kapuzenpullover-motorsport-kinder","12":"product_tag-lamborghini-fanartikel-kinder","13":"product_tag-lamborghini-hoodie-kinder","14":"product_tag-lamborghini-hoodie-teens","15":"product_tag-motorsport-hoodie-kids","16":"product_tag-motorsport-kleidung-kinder-teens","17":"product_tag-racing-fashion-hoodie-teens","18":"product_tag-racing-hoodie-teenager","19":"product_tag-rennsport-hoodie-jungen-maedchen","20":"pa_farbe-black","21":"pa_farbe-fire-red","22":"pa_farbe-hawaiian-blue","23":"pa_farbe-lemon","24":"pa_farbe-lime","25":"pa_farbe-orange","26":"pa_farbe-sapphire-blue","27":"pa_groesse-kids-l-9-11j","28":"pa_groesse-kids-m-7-8j","29":"pa_groesse-kids-s-5-6j","30":"pa_groesse-kids-xl-12-13j","31":"pa_groesse-kids-xs-3-4j","32":"pa_groesse-kids-xxs-1-2j","34":"first","35":"instock","36":"taxable","37":"shipping-taxable","38":"purchasable","39":"product-type-variable","40":"has-default-attributes"},"acf":[],"_links":{"self":[{"href":"https:\/\/test1.lifeisbetteronracetracks.de\/en\/wp-json\/wp\/v2\/product\/23627","targetHints":{"allow":["GET"]}}],"collection":[{"href":"https:\/\/test1.lifeisbetteronracetracks.de\/en\/wp-json\/wp\/v2\/product"}],"about":[{"href":"https:\/\/test1.lifeisbetteronracetracks.de\/en\/wp-json\/wp\/v2\/types\/product"}],"replies":[{"embeddable":true,"href":"https:\/\/test1.lifeisbetteronracetracks.de\/en\/wp-json\/wp\/v2\/comments?post=23627"}],"wp:featuredmedia":[{"embeddable":true,"href":"https:\/\/test1.lifeisbetteronracetracks.de\/en\/wp-json\/wp\/v2\/media\/24007"}],"wp:attachment":[{"href":"https:\/\/test1.lifeisbetteronracetracks.de\/en\/wp-json\/wp\/v2\/media?parent=23627"}],"wp:term":[{"taxonomy":"product_brand","embeddable":true,"href":"https:\/\/test1.lifeisbetteronracetracks.de\/en\/wp-json\/wp\/v2\/product_brand?post=23627"},{"taxonomy":"product_cat","embeddable":true,"href":"https:\/\/test1.lifeisbetteronracetracks.de\/en\/wp-json\/wp\/v2\/product_cat?post=23627"},{"taxonomy":"product_tag","embeddable":true,"href":"https:\/\/test1.lifeisbetteronracetracks.de\/en\/wp-json\/wp\/v2\/product_tag?post=23627"}],"curies":[{"name":"wp","href":"https:\/\/api.w.org\/{rel}","templated":true}]}}