{"id":24210,"date":"2025-10-01T16:54:29","date_gmt":"2025-10-01T14:54:29","guid":{"rendered":"https:\/\/test1.lifeisbetteronracetracks.de\/?post_type=product&#038;p=24210"},"modified":"2026-01-13T12:59:01","modified_gmt":"2026-01-13T11:59:01","slug":"mclaren-720s-gt3-evo-hoodie-fuer-kids-teens-25","status":"publish","type":"product","link":"https:\/\/test1.lifeisbetteronracetracks.de\/en\/product\/mclaren-720s-gt3-evo-hoodie-fuer-kids-teens-25\/","title":{"rendered":"McLaren 720S GT3 Evo Hoodie f\u00fcr Kids &#038; Teens #25"},"content":{"rendered":"<h3>McLaren 720S GT3 Evo Hoodie f\u00fcr Kids &amp; Teens \u2013 #25<\/h3>\n<p class=\"p1\">Dieser Hoodie ist mehr als nur ein Kleidungsst\u00fcck \u2013 er ist ein St\u00fcck Rennsport f\u00fcr den Alltag. Mit dem fotorealistischen, speziell designten Aufdruck des McLaren 720S GT3 Evo mit der Startnummer #25 tr\u00e4gst du nicht nur ein Logo, sondern die pure Eleganz und Power einer der spektakul\u00e4rsten GT3-Maschinen der Welt direkt auf der Brust. Der McLaren 720S GT3 Evo verk\u00f6rpert Geschwindigkeit, Pr\u00e4zision und Innovation \u2013 genau das, was diesen Hoodie so einzigartig macht.<\/p>\n<p class=\"p1\">Abseits der auff\u00e4lligen Optik \u00fcberzeugt er mit hochwertiger Verarbeitung und maximalem Tragekomfort. Die bequeme, europ\u00e4ische Passform macht ihn zu einem perfekten Begleiter im Alltag, w\u00e4hrend die doppellagige Kapuze ohne Kordelz\u00fcge sportlich und sicher zugleich wirkt. Feine Zwillingsnadelstich-Details sorgen f\u00fcr Stabilit\u00e4t, die auch viele Abenteuer \u00fcbersteht. Mit der praktischen K\u00e4ngurutasche bist du bestens ausgestattet, gerippte \u00c4rmelabschl\u00fcsse und Saum halten alles in Form, und das weiche, geb\u00fcrstete Innenvlies sorgt f\u00fcr Gem\u00fctlichkeit pur. Das 100 % Baumwoll-Obermaterial rundet das Ganze mit Atmungsaktivit\u00e4t und Langlebigkeit ab.<\/p>\n<p class=\"p1\">Dieser McLaren 720S GT3 Evo Hoodie ist einzigartig, weil er den Spirit einer echten Motorsport-Ikone in ein bequemes, alltagstaugliches Design \u00fcbersetzt. Ein Must-have f\u00fcr Kids und Teens, die mehr wollen als nur Mode \u2013 n\u00e4mlich Racing pur.<\/p>\n<p class=\"p1\">Also, schnapp ihn dir \u2013 bevor er schneller weg ist als ein McLaren auf der Zielgeraden! \ud83c\udfc1<\/p>\n","protected":false},"excerpt":{"rendered":"<p class=\"p1\">McLaren 720S GT3 Evo Hoodie Kids &amp; Teens #25. Stylisher Hoodie f\u00fcr Kids &amp; Teens mit 720S GT3 Evo \u00a0bequem, robust &amp; Racing pur! \ud83c\udfc1<\/p>\n","protected":false},"featured_media":23854,"comment_status":"open","ping_status":"closed","template":"","meta":{"_acf_changed":false},"product_brand":[1647],"product_cat":[1033,985,1026],"product_tag":[1425,1410,1426,1394,1391,1427,1423,1424,1428,1429,1389,1395,1403,1390,1392],"class_list":{"0":"post-24210","1":"product","2":"type-product","3":"status-publish","4":"has-post-thumbnail","6":"product_brand-libort","7":"product_cat-kids-jacken-hoodies","8":"product_cat-motorsport","9":"product_cat-saison","10":"product_tag-720s-gt3-evo-hoodie-kids","11":"product_tag-gt3-hoodie-kids","12":"product_tag-hoodie-mit-mclaren-motiv","13":"product_tag-hoodie-mit-rennwagen-motiv","14":"product_tag-kapuzenpullover-motorsport-kinder","15":"product_tag-mclaren-fanartikel-kinder","16":"product_tag-mclaren-hoodie-kinder","17":"product_tag-mclaren-hoodie-teens","18":"product_tag-mclaren-pullover-gt3-evo","19":"product_tag-mclaren-racing-hoodie-teens","20":"product_tag-motorsport-hoodie-kids","21":"product_tag-motorsport-kleidung-kinder-teens","22":"product_tag-racing-fashion-hoodie-teens","23":"product_tag-racing-hoodie-teenager","24":"product_tag-rennsport-hoodie-jungen-maedchen","25":"pa_farbe-black","26":"pa_farbe-fire-red","27":"pa_farbe-hawaiian-blue","28":"pa_farbe-lemon","29":"pa_farbe-lime","30":"pa_farbe-orange","31":"pa_farbe-sapphire-blue","32":"pa_groesse-kids-l-9-11j","33":"pa_groesse-kids-m-7-8j","34":"pa_groesse-kids-s-5-6j","35":"pa_groesse-kids-xl-12-13j","36":"pa_groesse-kids-xs-3-4j","37":"pa_groesse-kids-xxs-1-2j","39":"first","40":"instock","41":"taxable","42":"shipping-taxable","43":"purchasable","44":"product-type-variable","45":"has-default-attributes"},"acf":[],"_links":{"self":[{"href":"https:\/\/test1.lifeisbetteronracetracks.de\/en\/wp-json\/wp\/v2\/product\/24210","targetHints":{"allow":["GET"]}}],"collection":[{"href":"https:\/\/test1.lifeisbetteronracetracks.de\/en\/wp-json\/wp\/v2\/product"}],"about":[{"href":"https:\/\/test1.lifeisbetteronracetracks.de\/en\/wp-json\/wp\/v2\/types\/product"}],"replies":[{"embeddable":true,"href":"https:\/\/test1.lifeisbetteronracetracks.de\/en\/wp-json\/wp\/v2\/comments?post=24210"}],"wp:featuredmedia":[{"embeddable":true,"href":"https:\/\/test1.lifeisbetteronracetracks.de\/en\/wp-json\/wp\/v2\/media\/23854"}],"wp:attachment":[{"href":"https:\/\/test1.lifeisbetteronracetracks.de\/en\/wp-json\/wp\/v2\/media?parent=24210"}],"wp:term":[{"taxonomy":"product_brand","embeddable":true,"href":"https:\/\/test1.lifeisbetteronracetracks.de\/en\/wp-json\/wp\/v2\/product_brand?post=24210"},{"taxonomy":"product_cat","embeddable":true,"href":"https:\/\/test1.lifeisbetteronracetracks.de\/en\/wp-json\/wp\/v2\/product_cat?post=24210"},{"taxonomy":"product_tag","embeddable":true,"href":"https:\/\/test1.lifeisbetteronracetracks.de\/en\/wp-json\/wp\/v2\/product_tag?post=24210"}],"curies":[{"name":"wp","href":"https:\/\/api.w.org\/{rel}","templated":true}]}}