{"id":24346,"date":"2025-10-01T17:49:34","date_gmt":"2025-10-01T15:49:34","guid":{"rendered":"https:\/\/test1.lifeisbetteronracetracks.de\/?post_type=product&#038;p=24346"},"modified":"2026-01-13T12:59:00","modified_gmt":"2026-01-13T11:59:00","slug":"mercedes-amg-gt3-hoodie-fuer-kids-teens-22","status":"publish","type":"product","link":"https:\/\/test1.lifeisbetteronracetracks.de\/en\/product\/mercedes-amg-gt3-hoodie-fuer-kids-teens-22\/","title":{"rendered":"Mercedes AMG GT3 Hoodie f\u00fcr Kids &#038; Teens #22"},"content":{"rendered":"<h3>Mercedes-AMG GT3 Hoodie f\u00fcr Kids &amp; Teens #22<\/h3>\n<p class=\"p1\">Dieser Hoodie bringt Rennsport-Feeling direkt in deinen Alltag. Auf der Brust prangt ein fotorealistischer, speziell designter Aufdruck des Mercedes-AMG GT3 mit der Startnummer #22 \u2013 ein Symbol f\u00fcr Kraft, Eleganz und die unverwechselbare DNA der Marke mit dem Stern. Damit tr\u00e4gst du nicht einfach einen Hoodie, sondern ein echtes St\u00fcck Motorsport, das Herzklopfen und Geschwindigkeit verk\u00f6rpert.<\/p>\n<p class=\"p1\">Neben dem markanten Design \u00fcberzeugt der Hoodie durch seine hochwertige Verarbeitung und seinen Komfort. Die bequeme, europ\u00e4ische Passform sorgt f\u00fcr perfekten Sitz und Bewegungsfreiheit, w\u00e4hrend die doppellagige Kapuze ohne Kordelz\u00fcge einen sportlichen, sicheren Look bietet. Robuste Zwillingsnadelstich-Details machen ihn langlebig genug f\u00fcr Schule, Freizeit und Rennstrecke. Mit der K\u00e4ngurutasche hast du immer Platz f\u00fcr warme H\u00e4nde oder kleine Sch\u00e4tze, gerippte \u00c4rmelabschl\u00fcsse und Saum geben ihm Stabilit\u00e4t und Form. Das geb\u00fcrstete Innenvlies sorgt f\u00fcr ein kuscheliges Gef\u00fchl, w\u00e4hrend das 100 % Baumwoll-Obermaterial atmungsaktiv und strapazierf\u00e4hig ist \u2013 ein echter Allrounder f\u00fcr junge AMG-Fans.<\/p>\n<p class=\"p1\">Dieser Mercedes-AMG GT3 Hoodie ist einzigartig, weil er Motorsport-Power, Design und Bequemlichkeit in einem Kleidungsst\u00fcck vereint. Ein Must-have f\u00fcr alle Kids und Teens, die zeigen wollen, dass sie echte Racing-DNA im Blut haben.<\/p>\n<p class=\"p1\">Also, hol dir dein St\u00fcck AMG-Performance \u2013 bevor er schneller ausverkauft ist, als ein GT3 aus der Boxengasse schie\u00dft! \ud83c\udfc1<\/p>\n","protected":false},"excerpt":{"rendered":"<p class=\"p1\">Mercedes-AMG GT3 Hoodie Kids &amp; Teens #22<\/p>\n<p class=\"p1\">Stylisher Hoodie f\u00fcr Kids &amp; Teens mit Mercedes-AMG GT3 Design bequem, robust &amp; Racing pur! \ud83c\udfc1<\/p>\n","protected":false},"featured_media":23955,"comment_status":"open","ping_status":"closed","template":"","meta":{"_acf_changed":false},"product_brand":[1647],"product_cat":[1033,985,1026],"product_tag":[1434,1432,1435,1436,1410,1433,1394,1391,1430,1431,1389,1395,1403,1390,1392],"class_list":{"0":"post-24346","1":"product","2":"type-product","3":"status-publish","4":"has-post-thumbnail","6":"product_brand-libort","7":"product_cat-kids-jacken-hoodies","8":"product_cat-motorsport","9":"product_cat-saison","10":"product_tag-amg-fanartikel-kinder","11":"product_tag-amg-gt3-hoodie-kids","12":"product_tag-amg-pullover-gt3","13":"product_tag-amg-racing-pullover-teens","14":"product_tag-gt3-hoodie-kids","15":"product_tag-hoodie-mit-mercedes-motiv","16":"product_tag-hoodie-mit-rennwagen-motiv","17":"product_tag-kapuzenpullover-motorsport-kinder","18":"product_tag-mercedes-amg-hoodie-kinder","19":"product_tag-mercedes-amg-hoodie-teens","20":"product_tag-motorsport-hoodie-kids","21":"product_tag-motorsport-kleidung-kinder-teens","22":"product_tag-racing-fashion-hoodie-teens","23":"product_tag-racing-hoodie-teenager","24":"product_tag-rennsport-hoodie-jungen-maedchen","25":"pa_farbe-black","26":"pa_farbe-fire-red","27":"pa_farbe-hawaiian-blue","28":"pa_farbe-lemon","29":"pa_farbe-lime","30":"pa_farbe-orange","31":"pa_farbe-sapphire-blue","32":"pa_groesse-kids-l-9-11j","33":"pa_groesse-kids-m-7-8j","34":"pa_groesse-kids-s-5-6j","35":"pa_groesse-kids-xl-12-13j","36":"pa_groesse-kids-xs-3-4j","37":"pa_groesse-kids-xxs-1-2j","39":"first","40":"instock","41":"taxable","42":"shipping-taxable","43":"purchasable","44":"product-type-variable","45":"has-default-attributes"},"acf":[],"_links":{"self":[{"href":"https:\/\/test1.lifeisbetteronracetracks.de\/en\/wp-json\/wp\/v2\/product\/24346","targetHints":{"allow":["GET"]}}],"collection":[{"href":"https:\/\/test1.lifeisbetteronracetracks.de\/en\/wp-json\/wp\/v2\/product"}],"about":[{"href":"https:\/\/test1.lifeisbetteronracetracks.de\/en\/wp-json\/wp\/v2\/types\/product"}],"replies":[{"embeddable":true,"href":"https:\/\/test1.lifeisbetteronracetracks.de\/en\/wp-json\/wp\/v2\/comments?post=24346"}],"wp:featuredmedia":[{"embeddable":true,"href":"https:\/\/test1.lifeisbetteronracetracks.de\/en\/wp-json\/wp\/v2\/media\/23955"}],"wp:attachment":[{"href":"https:\/\/test1.lifeisbetteronracetracks.de\/en\/wp-json\/wp\/v2\/media?parent=24346"}],"wp:term":[{"taxonomy":"product_brand","embeddable":true,"href":"https:\/\/test1.lifeisbetteronracetracks.de\/en\/wp-json\/wp\/v2\/product_brand?post=24346"},{"taxonomy":"product_cat","embeddable":true,"href":"https:\/\/test1.lifeisbetteronracetracks.de\/en\/wp-json\/wp\/v2\/product_cat?post=24346"},{"taxonomy":"product_tag","embeddable":true,"href":"https:\/\/test1.lifeisbetteronracetracks.de\/en\/wp-json\/wp\/v2\/product_tag?post=24346"}],"curies":[{"name":"wp","href":"https:\/\/api.w.org\/{rel}","templated":true}]}}