{"id":24568,"date":"2025-10-01T18:37:31","date_gmt":"2025-10-01T16:37:31","guid":{"rendered":"https:\/\/test1.lifeisbetteronracetracks.de\/?post_type=product&#038;p=24568"},"modified":"2026-01-13T12:58:59","modified_gmt":"2026-01-13T11:58:59","slug":"porsche-911-gt3-r-hoodie-fuer-kids-teens-92","status":"publish","type":"product","link":"https:\/\/test1.lifeisbetteronracetracks.de\/en\/product\/porsche-911-gt3-r-hoodie-fuer-kids-teens-92\/","title":{"rendered":"Porsche 911 GT3 R Hoodie f\u00fcr Kids &#038; Teens  #92"},"content":{"rendered":"<h3>Porsche 911 GT3 R Hoodie f\u00fcr Kids &amp; Teens #92<\/h3>\n<p class=\"p1\">Dieser Hoodie ist pure Rennsport-Leidenschaft in Textilform. Auf der Brust prangt ein fotorealistischer, speziell entworfener Aufdruck des Porsche 911 GT3 R  mit der Startnummer #92 \u2013 ein Symbol f\u00fcr Pr\u00e4zision, Innovation und ungebremste Power. Damit wird dieser Hoodie zu weit mehr als einem Kleidungsst\u00fcck: Er ist ein St\u00fcck Porsche-DNA, das junge Fans stolz in Schule, Freizeit oder an der Rennstrecke tragen k\u00f6nnen.<\/p>\n<p class=\"p1\">Auch abseits der Optik \u00fcberzeugt der Hoodie mit h\u00f6chster Qualit\u00e4t. Die bequeme, europ\u00e4ische Passform garantiert Bewegungsfreiheit, w\u00e4hrend die doppellagige Kapuze ohne Kordelz\u00fcge sportlich und praktisch bleibt. Robuste Zwillingsnadelstich-Details sorgen f\u00fcr Langlebigkeit, die K\u00e4ngurutasche ist ein treuer Begleiter f\u00fcr warme H\u00e4nde oder kleine Sch\u00e4tze, und die gerippten \u00c4rmelabschl\u00fcsse sowie der Saum runden den sportlichen Look perfekt ab. Innen begeistert ein geb\u00fcrstetes Vlies mit Gem\u00fctlichkeit, w\u00e4hrend das 100 % Baumwoll-Obermaterial f\u00fcr Atmungsaktivit\u00e4t und Strapazierf\u00e4higkeit sorgt \u2013 genau richtig f\u00fcr junge Racing-Fans, die Vollgas geben.<\/p>\n<p class=\"p1\">Dieser Porsche 911 GT3 R Hoodie ist einzigartig, weil er die Faszination eines Motorsport-Klassikers mit maximalem Tragekomfort vereint. Ein echtes Must-have f\u00fcr Kids &amp; Teens, die zeigen wollen, dass ihr Herz im Takt eines Rennmotors schl\u00e4gt.<\/p>\n<p class=\"p1\">Also, hol dir deinen GT3 R Hoodie \u2013 bevor er schneller ausverkauft ist, als ein 911 GT3 R durch die Eau Rouge schie\u00dft! \ud83c\udfc1<\/p>\n","protected":false},"excerpt":{"rendered":"<p class=\"p1\">Porsche 911 GT3 R Hoodie Kids &amp; Teens #92<\/p>\n<p class=\"p1\">Stylisher Hoodie f\u00fcr Kids &amp; Teens mit Porsche 911 GT3 R #92 Design &#8211; bequem, robust &amp; Racing pur! \ud83c\udfc1<\/p>\n","protected":false},"featured_media":24045,"comment_status":"open","ping_status":"closed","template":"","meta":{"_acf_changed":false},"product_brand":[1647],"product_cat":[1033,985,1026],"product_tag":[1444,1394,1391,1389,1395,1443,1441,1442,1403,1390,1392],"class_list":{"0":"post-24568","1":"product","2":"type-product","3":"status-publish","4":"has-post-thumbnail","6":"product_brand-libort","7":"product_cat-kids-jacken-hoodies","8":"product_cat-motorsport","9":"product_cat-saison","10":"product_tag-hoodie-mit-porsche-motiv","11":"product_tag-hoodie-mit-rennwagen-motiv","12":"product_tag-kapuzenpullover-motorsport-kinder","13":"product_tag-motorsport-hoodie-kids","14":"product_tag-motorsport-kleidung-kinder-teens","15":"product_tag-porsche-911-gt3-r-hoodie-kids","16":"product_tag-porsche-hoodie-kinder","17":"product_tag-porsche-hoodie-teens","18":"product_tag-racing-fashion-hoodie-teens","19":"product_tag-racing-hoodie-teenager","20":"product_tag-rennsport-hoodie-jungen-maedchen","21":"pa_farbe-black","22":"pa_farbe-fire-red","23":"pa_farbe-hawaiian-blue","24":"pa_farbe-lemon","25":"pa_farbe-lime","26":"pa_farbe-orange","27":"pa_farbe-sapphire-blue","28":"pa_groesse-kids-l-9-11j","29":"pa_groesse-kids-m-7-8j","30":"pa_groesse-kids-s-5-6j","31":"pa_groesse-kids-xl-12-13j","32":"pa_groesse-kids-xs-3-4j","33":"pa_groesse-kids-xxs-1-2j","35":"first","36":"instock","37":"taxable","38":"shipping-taxable","39":"purchasable","40":"product-type-variable","41":"has-default-attributes"},"acf":[],"_links":{"self":[{"href":"https:\/\/test1.lifeisbetteronracetracks.de\/en\/wp-json\/wp\/v2\/product\/24568","targetHints":{"allow":["GET"]}}],"collection":[{"href":"https:\/\/test1.lifeisbetteronracetracks.de\/en\/wp-json\/wp\/v2\/product"}],"about":[{"href":"https:\/\/test1.lifeisbetteronracetracks.de\/en\/wp-json\/wp\/v2\/types\/product"}],"replies":[{"embeddable":true,"href":"https:\/\/test1.lifeisbetteronracetracks.de\/en\/wp-json\/wp\/v2\/comments?post=24568"}],"wp:featuredmedia":[{"embeddable":true,"href":"https:\/\/test1.lifeisbetteronracetracks.de\/en\/wp-json\/wp\/v2\/media\/24045"}],"wp:attachment":[{"href":"https:\/\/test1.lifeisbetteronracetracks.de\/en\/wp-json\/wp\/v2\/media?parent=24568"}],"wp:term":[{"taxonomy":"product_brand","embeddable":true,"href":"https:\/\/test1.lifeisbetteronracetracks.de\/en\/wp-json\/wp\/v2\/product_brand?post=24568"},{"taxonomy":"product_cat","embeddable":true,"href":"https:\/\/test1.lifeisbetteronracetracks.de\/en\/wp-json\/wp\/v2\/product_cat?post=24568"},{"taxonomy":"product_tag","embeddable":true,"href":"https:\/\/test1.lifeisbetteronracetracks.de\/en\/wp-json\/wp\/v2\/product_tag?post=24568"}],"curies":[{"name":"wp","href":"https:\/\/api.w.org\/{rel}","templated":true}]}}