{"id":24685,"date":"2025-10-01T18:57:24","date_gmt":"2025-10-01T16:57:24","guid":{"rendered":"https:\/\/test1.lifeisbetteronracetracks.de\/?post_type=product&#038;p=24685"},"modified":"2026-01-09T12:04:29","modified_gmt":"2026-01-09T11:04:29","slug":"porsche-911-gt3-r-hoodie-fuer-kids-teens-91","status":"publish","type":"product","link":"https:\/\/test1.lifeisbetteronracetracks.de\/en\/product\/porsche-911-gt3-r-hoodie-fuer-kids-teens-91\/","title":{"rendered":"Porsche 911 GT3 R Hoodie f\u00fcr Kids &#038; Teens  #91"},"content":{"rendered":"<h3>Porsche 911 GT3 R Hoodie f\u00fcr Kids &amp; Teens #91<\/h3>\n<p class=\"p1\">Dieser Hoodie ist Motorsport pur \u2013 verpackt in ein stylisches, bequemes Must-have f\u00fcr die junge Racing-Generation. Auf der Brust leuchtet ein fotorealistischer, speziell entworfener Aufdruck des Porsche 911 GT3 R mit der Startnummer #91. Damit tr\u00e4gst du ein St\u00fcck echter Porsche-Rennsportgeschichte direkt am K\u00f6rper: ein Symbol f\u00fcr Pr\u00e4zision, Geschwindigkeit und legend\u00e4re Erfolge auf den h\u00e4rtesten Strecken der Welt.<\/p>\n<p class=\"p1\">Doch dieser Hoodie \u00fcberzeugt nicht nur durch sein markantes Design, sondern auch durch seine hochwertige Verarbeitung. Die bequeme, europ\u00e4ische Passform sorgt f\u00fcr l\u00e4ssigen Komfort, w\u00e4hrend die doppellagige Kapuze ohne Kordelz\u00fcge sportlich und sicher zugleich wirkt. Robuste Zwillingsnadelstich-Details machen ihn widerstandsf\u00e4hig, die K\u00e4ngurutasche ist praktisch und stylisch, gerippte \u00c4rmelabschl\u00fcsse und Saum geben ihm den perfekten Sitz. Innen wartet ein kuscheliges, geb\u00fcrstetes Vlies f\u00fcr extra W\u00e4rme und Wohlf\u00fchlfaktor, w\u00e4hrend das 100 % Baumwoll-Obermaterial atmungsaktiv und langlebig ist \u2013 gemacht f\u00fcr Schule, Freizeit oder die n\u00e4chste Fahrt an die Rennstrecke.<\/p>\n<p class=\"p1\">Dieser Porsche 911 GT3 R Hoodie ist einzigartig, weil er die DNA des legend\u00e4ren Autos mit absolutem Tragekomfort vereint. Ein Statement f\u00fcr Kids und Teens, die zeigen wollen: Hier schl\u00e4gt ein echtes Racing-Herz.<\/p>\n<p class=\"p1\">Also, hol dir deinen Hoodie \u2013 bevor er schneller weg ist als ein 911er beim Sprint auf der D\u00f6ttinger H\u00f6he! \ud83c\udfc1<\/p>\n","protected":false},"excerpt":{"rendered":"<p class=\"p1\">Porsche 911 GT3 R Hoodie Kids &amp; Teens #91<\/p>\n<p class=\"p1\">Stylisher Hoodie f\u00fcr Kids &amp; Teens mit Porsche 911 GT3 R #91 bequem, robust &amp; Racing pur! \ud83c\udfc1<\/p>\n","protected":false},"featured_media":23916,"comment_status":"open","ping_status":"closed","template":"","meta":{"_acf_changed":false},"product_brand":[1647],"product_cat":[1033,985,1026],"product_tag":[1444,1394,1391,1389,1395,1443,1441,1442,1403,1390,1392],"class_list":{"0":"post-24685","1":"product","2":"type-product","3":"status-publish","4":"has-post-thumbnail","6":"product_brand-libort","7":"product_cat-kids-jacken-hoodies","8":"product_cat-motorsport","9":"product_cat-saison","10":"product_tag-hoodie-mit-porsche-motiv","11":"product_tag-hoodie-mit-rennwagen-motiv","12":"product_tag-kapuzenpullover-motorsport-kinder","13":"product_tag-motorsport-hoodie-kids","14":"product_tag-motorsport-kleidung-kinder-teens","15":"product_tag-porsche-911-gt3-r-hoodie-kids","16":"product_tag-porsche-hoodie-kinder","17":"product_tag-porsche-hoodie-teens","18":"product_tag-racing-fashion-hoodie-teens","19":"product_tag-racing-hoodie-teenager","20":"product_tag-rennsport-hoodie-jungen-maedchen","21":"pa_farbe-black","22":"pa_farbe-fire-red","23":"pa_farbe-hawaiian-blue","24":"pa_farbe-lemon","25":"pa_farbe-lime","26":"pa_farbe-orange","27":"pa_farbe-sapphire-blue","28":"pa_groesse-kids-l-9-11j","29":"pa_groesse-kids-m-7-8j","30":"pa_groesse-kids-s-5-6j","31":"pa_groesse-kids-xl-12-13j","32":"pa_groesse-kids-xs-3-4j","33":"pa_groesse-kids-xxs-1-2j","35":"first","36":"instock","37":"taxable","38":"shipping-taxable","39":"purchasable","40":"product-type-variable","41":"has-default-attributes"},"acf":[],"_links":{"self":[{"href":"https:\/\/test1.lifeisbetteronracetracks.de\/en\/wp-json\/wp\/v2\/product\/24685","targetHints":{"allow":["GET"]}}],"collection":[{"href":"https:\/\/test1.lifeisbetteronracetracks.de\/en\/wp-json\/wp\/v2\/product"}],"about":[{"href":"https:\/\/test1.lifeisbetteronracetracks.de\/en\/wp-json\/wp\/v2\/types\/product"}],"replies":[{"embeddable":true,"href":"https:\/\/test1.lifeisbetteronracetracks.de\/en\/wp-json\/wp\/v2\/comments?post=24685"}],"wp:featuredmedia":[{"embeddable":true,"href":"https:\/\/test1.lifeisbetteronracetracks.de\/en\/wp-json\/wp\/v2\/media\/23916"}],"wp:attachment":[{"href":"https:\/\/test1.lifeisbetteronracetracks.de\/en\/wp-json\/wp\/v2\/media?parent=24685"}],"wp:term":[{"taxonomy":"product_brand","embeddable":true,"href":"https:\/\/test1.lifeisbetteronracetracks.de\/en\/wp-json\/wp\/v2\/product_brand?post=24685"},{"taxonomy":"product_cat","embeddable":true,"href":"https:\/\/test1.lifeisbetteronracetracks.de\/en\/wp-json\/wp\/v2\/product_cat?post=24685"},{"taxonomy":"product_tag","embeddable":true,"href":"https:\/\/test1.lifeisbetteronracetracks.de\/en\/wp-json\/wp\/v2\/product_tag?post=24685"}],"curies":[{"name":"wp","href":"https:\/\/api.w.org\/{rel}","templated":true}]}}