{"id":25849,"date":"2025-11-17T17:33:08","date_gmt":"2025-11-17T16:33:08","guid":{"rendered":"https:\/\/test1.lifeisbetteronracetracks.de\/?post_type=product&#038;p=25849"},"modified":"2026-01-13T12:48:12","modified_gmt":"2026-01-13T11:48:12","slug":"lamborghini-huracan-gt3-evo2-hoodie-19-2025","status":"publish","type":"product","link":"https:\/\/test1.lifeisbetteronracetracks.de\/en\/product\/lamborghini-huracan-gt3-evo2-hoodie-19-2025\/","title":{"rendered":"Sensationeller Lamborghini Hurac\u00e1n GT3 Evo2 Hoodie #19 | Motorsport Racingwear"},"content":{"rendered":"<h2 class=\"p1\">Lamborghini Hurac\u00e1n GT3 Evo2 Hoodie #19 | Motorsport Racingwear<\/h2>\n<p data-start=\"236\" data-end=\"603\">Wenn ein Hoodie nicht nur warmh\u00e4lt, sondern in deiner Brust das Startsignal eines V10 entfacht \u2013 dann hast du den <em data-start=\"350\" data-end=\"413\">Lamborghini Hurac\u00e1n GT3 Evo2 #19 Racing Hoodie<\/em> in den H\u00e4nden. Dieser Hoodie ist mehr als Kleidung: Er ist ein Statement f\u00fcr alle, die den Geruch von verbranntem Gummi romantischer finden als Rosen und deren Herz bei 8.000 U\/min schl\u00e4gt.<\/p>\n<p data-start=\"605\" data-end=\"934\">Mit einem hochwertigen Frontprint des legend\u00e4ren <strong data-start=\"654\" data-end=\"686\">Lamborghini Hurac\u00e1n GT3 Evo2<\/strong> in der kraftvollen <strong data-start=\"706\" data-end=\"724\">Startnummer 19<\/strong> ziehst du die Blicke auf dich wie ein GT3-Bolide auf der Startgeraden. Das Design ist so detailreich, dass du das Gef\u00fchl hast, der n\u00e4chste Boxenfunk kommt direkt aus deiner Kapuze.<\/p>\n<p data-start=\"936\" data-end=\"1284\">Die Basis bildet der robuste und zugleich superbequeme <strong data-start=\"991\" data-end=\"1025\">Lamborghini Hurac\u00e1n GT3 Evo2 Hoodie<\/strong>\u2013 herrlich weich innen, langlebig au\u00dfen, perfekt f\u00fcr Trackdays, Rennevents, Schrauberabende oder deine t\u00e4gliche Dosis \u201eIch liebe Motorsport\u201c.<br data-start=\"1167\" data-end=\"1170\" \/>Und richtig gut: <strong data-start=\"1187\" data-end=\"1234\">Diesen Hoodie gibt es auch in gro\u00dfen Gr\u00f6\u00dfen<\/strong>, denn wahre Racing-Leidenschaft kennt keine Ma\u00dfe.<\/p>\n<p data-start=\"1286\" data-end=\"1410\">Ob Trib\u00fcne, Pit Lane oder Couch \u2013 dieser Hoodie macht \u00fcberall klar:<br data-start=\"1353\" data-end=\"1356\" \/><strong data-start=\"1356\" data-end=\"1410\">Du bist nicht Zuschauer\u2026 du bist Teil des Rennens.<\/strong><\/p>\n<p data-start=\"1412\" data-end=\"1538\">Also schnapp dir deinen neuen Lieblingshoodie \u2013<br data-start=\"1459\" data-end=\"1462\" \/><strong data-start=\"1462\" data-end=\"1538\">bevor der Hurac\u00e1n wieder Vollgas gibt und du hinterherlaufen musst! \ud83c\udfc1\ud83d\udd25<\/strong><\/p>\n","protected":false},"excerpt":{"rendered":"<p>Hol dir den Lamborghini Hurac\u00e1n GT3 Evo2 Hoodie mit hochwertigem Frontprint. Perfekt f\u00fcr Motorsportfans und auch in gro\u00dfen Gr\u00f6\u00dfen erh\u00e4ltlich. Jetzt Rennsport-Feeling tragen!<\/p>\n","protected":false},"featured_media":25448,"comment_status":"open","ping_status":"closed","template":"","meta":{"_acf_changed":false},"product_brand":[1647],"product_cat":[1036,985,1026],"product_tag":[1680,1632,1561,1614,1394,1629,1628,1564,1562,1610,1566,1599,1631,1559,1565,1634,1633,1611],"class_list":{"0":"post-25849","1":"product","2":"type-product","3":"status-publish","4":"has-post-thumbnail","6":"product_brand-libort","7":"product_cat-herren-jacken-hoodies","8":"product_cat-motorsport","9":"product_cat-saison","10":"product_tag-1680","11":"product_tag-gt3-fanartikel","12":"product_tag-gt3-fanwear","13":"product_tag-gt3-racing","14":"product_tag-hoodie-mit-rennwagen-motiv","15":"product_tag-huracan-gt3","16":"product_tag-lamborghini-hoodie","17":"product_tag-life-is-better-on-racetracks","18":"product_tag-motorsport-bekleidung","19":"product_tag-motorsport-fashion","20":"product_tag-motorsport-geschenk","21":"product_tag-motorsport-hoodie","22":"product_tag-racing-hoodie","23":"product_tag-racing-lifestyle","24":"product_tag-racing-outfit","25":"product_tag-rennsport-hoodie","26":"product_tag-trackday-kleidung","27":"product_tag-trackday-wear","28":"pa_farbe-black","29":"pa_farbe-hawaiian-blue","30":"pa_farbe-kelly-green","31":"pa_farbe-orange","32":"pa_farbe-red","33":"pa_farbe-sapphire-blue","34":"pa_farbe-white","35":"pa_groesse-2xl-de","36":"pa_groesse-3xl-de","37":"pa_groesse-4xl-de","38":"pa_groesse-5xl-de","39":"pa_groesse-l-de","40":"pa_groesse-m-de","41":"pa_groesse-s-de","42":"pa_groesse-xl-de","44":"first","45":"instock","46":"taxable","47":"shipping-taxable","48":"purchasable","49":"product-type-variable","50":"has-default-attributes"},"acf":[],"_links":{"self":[{"href":"https:\/\/test1.lifeisbetteronracetracks.de\/en\/wp-json\/wp\/v2\/product\/25849","targetHints":{"allow":["GET"]}}],"collection":[{"href":"https:\/\/test1.lifeisbetteronracetracks.de\/en\/wp-json\/wp\/v2\/product"}],"about":[{"href":"https:\/\/test1.lifeisbetteronracetracks.de\/en\/wp-json\/wp\/v2\/types\/product"}],"replies":[{"embeddable":true,"href":"https:\/\/test1.lifeisbetteronracetracks.de\/en\/wp-json\/wp\/v2\/comments?post=25849"}],"wp:featuredmedia":[{"embeddable":true,"href":"https:\/\/test1.lifeisbetteronracetracks.de\/en\/wp-json\/wp\/v2\/media\/25448"}],"wp:attachment":[{"href":"https:\/\/test1.lifeisbetteronracetracks.de\/en\/wp-json\/wp\/v2\/media?parent=25849"}],"wp:term":[{"taxonomy":"product_brand","embeddable":true,"href":"https:\/\/test1.lifeisbetteronracetracks.de\/en\/wp-json\/wp\/v2\/product_brand?post=25849"},{"taxonomy":"product_cat","embeddable":true,"href":"https:\/\/test1.lifeisbetteronracetracks.de\/en\/wp-json\/wp\/v2\/product_cat?post=25849"},{"taxonomy":"product_tag","embeddable":true,"href":"https:\/\/test1.lifeisbetteronracetracks.de\/en\/wp-json\/wp\/v2\/product_tag?post=25849"}],"curies":[{"name":"wp","href":"https:\/\/api.w.org\/{rel}","templated":true}]}}